{"id":24820,"date":"2021-04-19T07:13:35","date_gmt":"2021-04-19T07:13:35","guid":{"rendered":"https:\/\/cityexpress.ee\/?page_id=24820"},"modified":"2024-09-06T03:52:57","modified_gmt":"2024-09-06T03:52:57","slug":"korduma-kippuvad-kusimused-kkk","status":"publish","type":"page","link":"https:\/\/cityexpress.ee\/et\/korduma-kippuvad-kusimused-kkk\/","title":{"rendered":"Korduma kippuvad k\u00fcsimused (KKK)"},"content":{"rendered":"\t\t<div data-elementor-type=\"wp-page\" data-elementor-id=\"24820\" class=\"elementor elementor-24820 elementor-214\">\n\t\t\t\t\t\t<section class=\"elementor-section elementor-top-section elementor-element elementor-element-fb849e3 elementor-section-stretched elementor-section-boxed elementor-section-height-default elementor-section-height-default tm-col-stretched-none tm-bg-color-over-image\" data-id=\"fb849e3\" data-element_type=\"section\" data-e-type=\"section\" data-settings=\"{&quot;stretch_section&quot;:&quot;section-stretched&quot;}\">\n\t\t\t\t\t\t<div class=\"elementor-container elementor-column-gap-extended\">\n\t\t\t\t\t<div class=\"elementor-column elementor-col-100 elementor-top-column elementor-element elementor-element-f230d00 tm-bg-color-over-image\" data-id=\"f230d00\" data-element_type=\"column\" data-e-type=\"column\">\n\t\t\t<div class=\"elementor-widget-wrap elementor-element-populated\">\n\t\t\t\t\t\t<section class=\"elementor-section elementor-inner-section elementor-element elementor-element-b56b317 elementor-section-boxed elementor-section-height-default elementor-section-height-default tm-col-stretched-none tm-bg-color-over-image\" data-id=\"b56b317\" data-element_type=\"section\" data-e-type=\"section\">\n\t\t\t\t\t\t<div class=\"elementor-container elementor-column-gap-extended\">\n\t\t\t\t\t<div class=\"elementor-column elementor-col-33 elementor-inner-column elementor-element elementor-element-e165734 tm-bg-color-over-image\" data-id=\"e165734\" data-element_type=\"column\" data-e-type=\"column\">\n\t\t\t<div class=\"elementor-widget-wrap elementor-element-populated\">\n\t\t\t\t\t\t<div class=\"elementor-element elementor-element-3bf40ed elementor-widget elementor-widget-tm-ele-accordion\" data-id=\"3bf40ed\" data-element_type=\"widget\" data-e-type=\"widget\" data-widget_type=\"tm-ele-accordion.default\">\n\t\t\t\t<div class=\"elementor-widget-container\">\n\t\t\t\t\t\t\t<div id=\"accordion-holder-851664\" class=\"tm-accordion accordion\">\r\n\t\r\n  <div class=\"card active\">\r\n    <div class=\"card-header p-0\" id=\"heading561\">\r\n      <h5 class=\"title \" data-bs-toggle=\"collapse\" data-bs-target=\"#collapse561\" aria-expanded=\"true\" aria-controls=\"collapse561\">\r\n        <span class=\"text\">Kuidas v\u00e4ltida kauba kahjustamist transpordi ajal?<\/span>\r\n        <span class=\"accordion-controls-icon\"><i class=\"fas fa-chevron-down\"><\/i><\/span>\r\n      <\/h5>\r\n    <\/div>\r\n    <div id=\"collapse561\" class=\"collapse show\" aria-labelledby=\"heading561\" data-bs-parent=\"#accordion-holder-851664\">\r\n      <div class=\"card-body\">\r\n        <div class=\"page\" title=\"Page 2\"><div class=\"section\"><div class=\"layoutArea\"><div class=\"column\"><div class=\"page\" title=\"Page 2\"><div class=\"section\"><div class=\"layoutArea\"><div class=\"column\"><p>Pakkige kaup kvalitatiivselt, aitame teid kauba pakkimisel.<\/p><\/div><\/div><\/div><\/div><\/div><\/div><\/div><\/div>      <\/div>\r\n    <\/div>\r\n  <\/div>\r\n\r\n  <div class=\"card \">\r\n    <div class=\"card-header p-0\" id=\"heading562\">\r\n      <h5 class=\"title collapsed\" data-bs-toggle=\"collapse\" data-bs-target=\"#collapse562\" aria-expanded=\"false\" aria-controls=\"collapse562\">\r\n        <span class=\"text\">Kuidas tellimust esitada?<\/span>\r\n        <span class=\"accordion-controls-icon\"><i class=\"fas fa-chevron-down\"><\/i><\/span>\r\n      <\/h5>\r\n    <\/div>\r\n    <div id=\"collapse562\" class=\"collapse \" aria-labelledby=\"heading562\" data-bs-parent=\"#accordion-holder-851664\">\r\n      <div class=\"card-body\">\r\n        <div class=\"page\" title=\"Page 2\"><div class=\"section\"><div class=\"layoutArea\"><div class=\"column\"><p>Tellimuse saab esitada l\u00e4bi kodulehe, kirjutada e-mailile v\u00f5i helistada telefonil +372 555 999 61.<\/p><\/div><\/div><\/div><\/div>      <\/div>\r\n    <\/div>\r\n  <\/div>\r\n\r\n  <div class=\"card \">\r\n    <div class=\"card-header p-0\" id=\"heading563\">\r\n      <h5 class=\"title collapsed\" data-bs-toggle=\"collapse\" data-bs-target=\"#collapse563\" aria-expanded=\"false\" aria-controls=\"collapse563\">\r\n        <span class=\"text\">Kuidas tellimuse eest tasuda?<\/span>\r\n        <span class=\"accordion-controls-icon\"><i class=\"fas fa-chevron-down\"><\/i><\/span>\r\n      <\/h5>\r\n    <\/div>\r\n    <div id=\"collapse563\" class=\"collapse \" aria-labelledby=\"heading563\" data-bs-parent=\"#accordion-holder-851664\">\r\n      <div class=\"card-body\">\r\n        <div class=\"page\" title=\"Page 2\"><div class=\"section\"><div class=\"layoutArea\"><div class=\"column\"><p>Tasuda saab l\u00e4bi panga \u00fclekandega v\u00f5i sularahas teenuse osutamisel<\/p><\/div><\/div><\/div><\/div>      <\/div>\r\n    <\/div>\r\n  <\/div>\r\n\t\t<\/div>\r\n\t\t\t\t\t<\/div>\n\t\t\t\t<\/div>\n\t\t\t\t\t<\/div>\n\t\t<\/div>\n\t\t\t\t<div class=\"elementor-column elementor-col-33 elementor-inner-column elementor-element elementor-element-542b731 tm-bg-color-over-image\" data-id=\"542b731\" data-element_type=\"column\" data-e-type=\"column\">\n\t\t\t<div class=\"elementor-widget-wrap\">\n\t\t\t\t\t\t\t<\/div>\n\t\t<\/div>\n\t\t\t\t<div class=\"elementor-column elementor-col-33 elementor-inner-column elementor-element elementor-element-c90faf4 tm-bg-color-over-image\" data-id=\"c90faf4\" data-element_type=\"column\" data-e-type=\"column\">\n\t\t\t<div class=\"elementor-widget-wrap elementor-element-populated\">\n\t\t\t\t\t\t<div class=\"elementor-element elementor-element-082aa48 elementor-widget elementor-widget-tm-ele-accordion\" data-id=\"082aa48\" data-element_type=\"widget\" data-e-type=\"widget\" data-widget_type=\"tm-ele-accordion.default\">\n\t\t\t\t<div class=\"elementor-widget-container\">\n\t\t\t\t\t\t\t<div id=\"accordion-holder-824467\" class=\"tm-accordion accordion\">\r\n\t\r\n  <div class=\"card \">\r\n    <div class=\"card-header p-0\" id=\"heading131\">\r\n      <h5 class=\"title collapsed\" data-bs-toggle=\"collapse\" data-bs-target=\"#collapse131\" aria-expanded=\"false\" aria-controls=\"collapse131\">\r\n        <span class=\"text\">Kuidas saada arve tasumiseks?<\/span>\r\n        <span class=\"accordion-controls-icon\"><i class=\"fas fa-chevron-down\"><\/i><\/span>\r\n      <\/h5>\r\n    <\/div>\r\n    <div id=\"collapse131\" class=\"collapse \" aria-labelledby=\"heading131\" data-bs-parent=\"#accordion-holder-824467\">\r\n      <div class=\"card-body\">\r\n        <div class=\"page\" title=\"Page 2\"><div class=\"section\"><div class=\"layoutArea\"><div class=\"column\"><p>Tellimust vormistades m\u00e4rkige e-mail, millele soovite arvet saada. Juriidilised isikud peaksid m\u00e4rkima ettev\u00f5tte andmed.<\/p><\/div><\/div><\/div><\/div>      <\/div>\r\n    <\/div>\r\n  <\/div>\r\n\r\n  <div class=\"card \">\r\n    <div class=\"card-header p-0\" id=\"heading132\">\r\n      <h5 class=\"title collapsed\" data-bs-toggle=\"collapse\" data-bs-target=\"#collapse132\" aria-expanded=\"false\" aria-controls=\"collapse132\">\r\n        <span class=\"text\">Kui kaua v\u00f5tab aega kauba kohaletoimetamine?<\/span>\r\n        <span class=\"accordion-controls-icon\"><i class=\"fas fa-chevron-down\"><\/i><\/span>\r\n      <\/h5>\r\n    <\/div>\r\n    <div id=\"collapse132\" class=\"collapse \" aria-labelledby=\"heading132\" data-bs-parent=\"#accordion-holder-824467\">\r\n      <div class=\"card-body\">\r\n        <div class=\"page\" title=\"Page 2\"><div class=\"section\"><div class=\"layoutArea\"><div class=\"column\"><p>Tellimust vormistades m\u00e4rkige soovitud tarneaeg. T\u00e4psed detailid ja tarneaeg arutatakse kokkuleppel.<\/p><\/div><\/div><\/div><\/div>      <\/div>\r\n    <\/div>\r\n  <\/div>\r\n\r\n  <div class=\"card \">\r\n    <div class=\"card-header p-0\" id=\"heading133\">\r\n      <h5 class=\"title collapsed\" data-bs-toggle=\"collapse\" data-bs-target=\"#collapse133\" aria-expanded=\"false\" aria-controls=\"collapse133\">\r\n        <span class=\"text\">Millised s\u00f5idukid on kaubaveoks saadaval?<\/span>\r\n        <span class=\"accordion-controls-icon\"><i class=\"fas fa-chevron-down\"><\/i><\/span>\r\n      <\/h5>\r\n    <\/div>\r\n    <div id=\"collapse133\" class=\"collapse \" aria-labelledby=\"heading133\" data-bs-parent=\"#accordion-holder-824467\">\r\n      <div class=\"card-body\">\r\n        <div class=\"page\" title=\"Page 3\"><div class=\"section\"><div class=\"layoutArea\"><div class=\"column\"><p>Meil on nii kaubaautosid (suured ja v\u00e4iksed bussid), kui ka t\u00f5stukiga furgoonid ja veokid maksimaalse kandev\u00f5imega 18 alust.<\/p><\/div><\/div><\/div><\/div>      <\/div>\r\n    <\/div>\r\n  <\/div>\r\n\t\t<\/div>\r\n\t\t\t\t\t<\/div>\n\t\t\t\t<\/div>\n\t\t\t\t\t<\/div>\n\t\t<\/div>\n\t\t\t\t\t<\/div>\n\t\t<\/section>\n\t\t\t\t\t<\/div>\n\t\t<\/div>\n\t\t\t\t\t<\/div>\n\t\t<\/section>\n\t\t\t\t<\/div>\n\t\t","protected":false},"excerpt":{"rendered":"<p>Kuidas v\u00e4ltida kauba kahjustamist transpordi ajal? Pakkige kaup kvalitatiivselt, aitame teid kauba pakkimisel. Kuidas tellimust esitada? Tellimuse saab esitada l\u00e4bi&#8230;<\/p>\n","protected":false},"author":2,"featured_media":0,"parent":0,"menu_order":0,"comment_status":"closed","ping_status":"closed","template":"","meta":{"footnotes":""},"class_list":["post-24820","page","type-page","status-publish","hentry"],"_links":{"self":[{"href":"https:\/\/cityexpress.ee\/et\/wp-json\/wp\/v2\/pages\/24820","targetHints":{"allow":["GET"]}}],"collection":[{"href":"https:\/\/cityexpress.ee\/et\/wp-json\/wp\/v2\/pages"}],"about":[{"href":"https:\/\/cityexpress.ee\/et\/wp-json\/wp\/v2\/types\/page"}],"author":[{"embeddable":true,"href":"https:\/\/cityexpress.ee\/et\/wp-json\/wp\/v2\/users\/2"}],"replies":[{"embeddable":true,"href":"https:\/\/cityexpress.ee\/et\/wp-json\/wp\/v2\/comments?post=24820"}],"version-history":[{"count":14,"href":"https:\/\/cityexpress.ee\/et\/wp-json\/wp\/v2\/pages\/24820\/revisions"}],"predecessor-version":[{"id":25651,"href":"https:\/\/cityexpress.ee\/et\/wp-json\/wp\/v2\/pages\/24820\/revisions\/25651"}],"wp:attachment":[{"href":"https:\/\/cityexpress.ee\/et\/wp-json\/wp\/v2\/media?parent=24820"}],"curies":[{"name":"wp","href":"https:\/\/api.w.org\/{rel}","templated":true}]}}