{"id":24855,"date":"2023-01-05T19:46:44","date_gmt":"2023-01-05T19:46:44","guid":{"rendered":"https:\/\/cityexpress.ee\/?page_id=24855"},"modified":"2025-11-12T09:07:04","modified_gmt":"2025-11-12T09:07:04","slug":"hinnaparing","status":"publish","type":"page","link":"https:\/\/cityexpress.ee\/et\/hinnaparing\/","title":{"rendered":"Hinnap\u00e4ring"},"content":{"rendered":"\t\t<div data-elementor-type=\"wp-page\" data-elementor-id=\"24855\" class=\"elementor elementor-24855 elementor-24854\">\n\t\t\t\t\t\t<section class=\"elementor-section elementor-top-section elementor-element elementor-element-7bf3e11f elementor-section-stretched elementor-section-boxed elementor-section-height-default elementor-section-height-default tm-col-stretched-none tm-bg-color-over-image\" data-id=\"7bf3e11f\" data-element_type=\"section\" data-e-type=\"section\" data-settings=\"{&quot;stretch_section&quot;:&quot;section-stretched&quot;}\">\n\t\t\t\t\t\t<div class=\"elementor-container elementor-column-gap-extended\">\n\t\t\t\t\t<div class=\"elementor-column elementor-col-33 elementor-top-column elementor-element elementor-element-7c34954f tm-bg-color-over-image\" data-id=\"7c34954f\" data-element_type=\"column\" data-e-type=\"column\">\n\t\t\t<div class=\"elementor-widget-wrap elementor-element-populated\">\n\t\t\t\t\t\t<div class=\"elementor-element elementor-element-39883587 horizontal-line-align-left vertical-line-align-bottom elementor-widget elementor-widget-tm-ele-section-title\" data-id=\"39883587\" data-element_type=\"widget\" data-e-type=\"widget\" data-widget_type=\"tm-ele-section-title.default\">\n\t\t\t\t<div class=\"elementor-widget-container\">\n\t\t\t\t\t<div class=\"tm-sc-section-title section-title line-right-current-theme \">\r\n\t<div class=\"title-wrapper\">\r\n\t\t\t\t\t\t\t<h2 class=\"title \">\r\n\r\n\t\t\r\n\t\t\t\t<span class=\"title-part1 \">Hinnap\u00e4ring<\/span>\r\n\t\t\t\t\r\n\t\t\r\n\t<\/h2>\r\n\t<div class=\"title-seperator-line\"><\/div>\t\t\t\t\t\t<div class=\"paragraph\">\r\n\t\t<p class=\"p1\">Hankige kaubalogistika jaoks soodsad kaubandustingimused<\/p>\t<\/div>\r\n\t\t<\/div>\r\n<\/div>\t\t\t\t<\/div>\n\t\t\t\t<\/div>\n\t\t\t\t<div class=\"elementor-element elementor-element-664b6a29 elementor-widget elementor-widget-tm-ele-iconbox\" data-id=\"664b6a29\" data-element_type=\"widget\" data-e-type=\"widget\" data-widget_type=\"tm-ele-iconbox.default\">\n\t\t\t\t<div class=\"elementor-widget-container\">\n\t\t\t\t\t<div class=\"tm-sc-icon-box icon-box icon-left tm-iconbox-icontype-font-icon iconbox-centered-in-responsive-mobile icon-position-icon-left animate-icon-on-hover animate-icon-rotate-y\" >\r\n\t\r\n  \t<div class=\"icon-box-wrapper\">\r\n\t\t\r\n\t\t<div class=\"icon-wrapper\">\r\n\t\t<div class=\"icon icon-type-font-icon icon-md icon-default-bg icon-rounded\">\r\n\t\t\t<i aria-hidden=\"true\" class=\" flaticon-logis-delivery-insurance-1\"><\/i>\t\t<\/div>\r\n\r\n\t\t\t<\/div>\r\n\t\t\t<div class=\"icon-text\">\r\n\t\t\t\t\t\t\r\n\t\t\t\t<h4 class=\"icon-box-title \">\r\n\t\t\t\t\t\t\tOhutus ja usaldusv\u00e4\u00e4rne\t\t\t\t\t<\/h4>\r\n\t\t\t\t\t<div class=\"content\"><p class=\"p1\"><span>Veose terviklikkuse tagamine on \u00fcks prioriteete<\/span><\/p><\/div>\r\n\t\t\t\r\n\t\t\t\r\n\t\r\n\t\t\t\t\t<\/div>\r\n\t\t<div class=\"clearfix\"><\/div>\r\n\t<\/div>\r\n<\/div>\t\t\t\t<\/div>\n\t\t\t\t<\/div>\n\t\t\t\t<div class=\"elementor-element elementor-element-2892d63a elementor-widget elementor-widget-tm-ele-iconbox\" data-id=\"2892d63a\" data-element_type=\"widget\" data-e-type=\"widget\" data-widget_type=\"tm-ele-iconbox.default\">\n\t\t\t\t<div class=\"elementor-widget-container\">\n\t\t\t\t\t<div class=\"tm-sc-icon-box icon-box icon-left tm-iconbox-icontype-font-icon iconbox-centered-in-responsive-mobile icon-position-icon-left animate-icon-on-hover animate-icon-rotate-y\" >\r\n\t\r\n  \t<div class=\"icon-box-wrapper\">\r\n\t\t\r\n\t\t<div class=\"icon-wrapper\">\r\n\t\t<div class=\"icon icon-type-font-icon icon-md icon-default-bg icon-rounded\">\r\n\t\t\t<i aria-hidden=\"true\" class=\" flaticon-logis-delivery-time\"><\/i>\t\t<\/div>\r\n\r\n\t\t\t<\/div>\r\n\t\t\t<div class=\"icon-text\">\r\n\t\t\t\t\t\t\r\n\t\t\t\t<h4 class=\"icon-box-title \">\r\n\t\t\t\t\t\t\tKiirus\t\t\t\t\t<\/h4>\r\n\t\t\t\t\t<div class=\"content\"><p class=\"p1\"><span>Meie ettev\u00f5te on kaubaveo kiiruse osas liidril<\/span><\/p><\/div>\r\n\t\t\t\r\n\t\t\t\r\n\t\r\n\t\t\t\t\t<\/div>\r\n\t\t<div class=\"clearfix\"><\/div>\r\n\t<\/div>\r\n<\/div>\t\t\t\t<\/div>\n\t\t\t\t<\/div>\n\t\t\t\t<div class=\"elementor-element elementor-element-5fc88008 elementor-widget elementor-widget-tm-ele-iconbox\" data-id=\"5fc88008\" data-element_type=\"widget\" data-e-type=\"widget\" data-widget_type=\"tm-ele-iconbox.default\">\n\t\t\t\t<div class=\"elementor-widget-container\">\n\t\t\t\t\t<div class=\"tm-sc-icon-box icon-box icon-left tm-iconbox-icontype-font-icon iconbox-centered-in-responsive-mobile icon-position-icon-left animate-icon-on-hover animate-icon-rotate-y\" >\r\n\t\r\n  \t<div class=\"icon-box-wrapper\">\r\n\t\t\r\n\t\t<div class=\"icon-wrapper\">\r\n\t\t<div class=\"icon icon-type-font-icon icon-md icon-default-bg icon-rounded\">\r\n\t\t\t<i aria-hidden=\"true\" class=\" flaticon-logis-packages\"><\/i>\t\t<\/div>\r\n\r\n\t\t\t<\/div>\r\n\t\t\t<div class=\"icon-text\">\r\n\t\t\t\t\t\t\r\n\t\t\t\t<h4 class=\"icon-box-title \">\r\n\t\t\t\t\t\t\tMitmek\u00fclgsus\t\t\t\t\t<\/h4>\r\n\t\t\t\t\t<div class=\"content\"><p class=\"p1\"><span>Tarnime k\u00f5ik kaubad (sh m\u00f6\u00f6bel, seadmed ja suuremahulised esemed) igale kaugusele<\/span><\/p><\/div>\r\n\t\t\t\r\n\t\t\t\r\n\t\r\n\t\t\t\t\t<\/div>\r\n\t\t<div class=\"clearfix\"><\/div>\r\n\t<\/div>\r\n<\/div>\t\t\t\t<\/div>\n\t\t\t\t<\/div>\n\t\t\t\t<div class=\"elementor-element elementor-element-367cfa7 elementor-widget elementor-widget-tm-ele-iconbox\" data-id=\"367cfa7\" data-element_type=\"widget\" data-e-type=\"widget\" data-widget_type=\"tm-ele-iconbox.default\">\n\t\t\t\t<div class=\"elementor-widget-container\">\n\t\t\t\t\t<div class=\"tm-sc-icon-box icon-box icon-left tm-iconbox-icontype-font-icon iconbox-centered-in-responsive-mobile icon-position-icon-left animate-icon-on-hover animate-icon-rotate-y\" >\r\n\t\r\n  \t<div class=\"icon-box-wrapper\">\r\n\t\t\r\n\t\t<div class=\"icon-wrapper\">\r\n\t\t<div class=\"icon icon-type-font-icon icon-md icon-default-bg icon-rounded\">\r\n\t\t\t<i aria-hidden=\"true\" class=\" flaticon-logis-location\"><\/i>\t\t<\/div>\r\n\r\n\t\t\t<\/div>\r\n\t\t\t<div class=\"icon-text\">\r\n\t\t\t\t\t\t\r\n\t\t\t\t<h4 class=\"icon-box-title \">\r\n\t\t\t\t\t\t\tLiikuvus\t\t\t\t\t<\/h4>\r\n\t\t\t\t\t<div class=\"content\"><p class=\"p1\"><span>Meie logistika v\u00f5imaldab meil toimetada veoseid ka k\u00f5ige v\u00e4iksematesse asulatesse<\/span><\/p><\/div>\r\n\t\t\t\r\n\t\t\t\r\n\t\r\n\t\t\t\t\t<\/div>\r\n\t\t<div class=\"clearfix\"><\/div>\r\n\t<\/div>\r\n<\/div>\t\t\t\t<\/div>\n\t\t\t\t<\/div>\n\t\t\t\t\t<\/div>\n\t\t<\/div>\n\t\t\t\t<div class=\"elementor-column elementor-col-33 elementor-top-column elementor-element elementor-element-7c4deabd tm-bg-color-over-image\" data-id=\"7c4deabd\" data-element_type=\"column\" data-e-type=\"column\">\n\t\t\t<div class=\"elementor-widget-wrap\">\n\t\t\t\t\t\t\t<\/div>\n\t\t<\/div>\n\t\t\t\t<div class=\"elementor-column elementor-col-33 elementor-top-column elementor-element elementor-element-5280f07f tm-bg-color-over-image\" data-id=\"5280f07f\" data-element_type=\"column\" data-e-type=\"column\">\n\t\t\t<div class=\"elementor-widget-wrap elementor-element-populated\">\n\t\t\t\t\t\t<div class=\"elementor-element elementor-element-4fe56699 tm-contact-form-7-button-align-center tm-contact-form-7-button-align-left tm-contact-form-7-button-custom elementor-widget elementor-widget-tm-ele-contact-form-7\" data-id=\"4fe56699\" data-element_type=\"widget\" data-e-type=\"widget\" data-widget_type=\"tm-ele-contact-form-7.default\">\n\t\t\t\t<div class=\"elementor-widget-container\">\n\t\t\t\t\t<div class=\"tm-contact-form-7-wrapper\">\r\n\t\t\t\t<div class=\"tm-contact-form tm-contact-form-7 tm-contact-form-4fe56699 placeholder-show tm-contact-form-align-default\">\n<div class=\"wpcf7 no-js\" id=\"wpcf7-f24968-o1\" lang=\"et\" dir=\"ltr\" data-wpcf7-id=\"24968\">\n<div class=\"screen-reader-response\"><p role=\"status\" aria-live=\"polite\" aria-atomic=\"true\"><\/p> <ul><\/ul><\/div>\n<form action=\"\/et\/wp-json\/wp\/v2\/pages\/24855#wpcf7-f24968-o1\" method=\"post\" class=\"wpcf7-form init\" aria-label=\"Contact form\" enctype=\"multipart\/form-data\" novalidate=\"novalidate\" data-status=\"init\">\n<fieldset class=\"hidden-fields-container\"><input type=\"hidden\" name=\"_wpcf7\" value=\"24968\" \/><input type=\"hidden\" name=\"_wpcf7_version\" value=\"6.1.5\" \/><input type=\"hidden\" name=\"_wpcf7_locale\" value=\"et\" \/><input type=\"hidden\" name=\"_wpcf7_unit_tag\" value=\"wpcf7-f24968-o1\" \/><input type=\"hidden\" name=\"_wpcf7_container_post\" value=\"0\" \/><input type=\"hidden\" name=\"_wpcf7_posted_data_hash\" value=\"\" \/>\n<\/fieldset>\n<div class=\"contact-form\">\n  <div class=\"row g-3\">\n    <div class=\"col-sm-12\">\n        <label> Nimi:<\/label>\n        <span class=\"wpcf7-form-control-wrap\" data-name=\"your-name\"><input size=\"40\" maxlength=\"400\" class=\"wpcf7-form-control wpcf7-text wpcf7-validates-as-required form-control\" aria-required=\"true\" aria-invalid=\"false\" placeholder=\"\" value=\"\" type=\"text\" name=\"your-name\" \/><\/span>\n    <\/div>\n<div class=\"col-sm-6\">\n        <label> Firma:<\/label>\n        <span class=\"wpcf7-form-control-wrap\" data-name=\"your-company\"><input size=\"40\" maxlength=\"400\" class=\"wpcf7-form-control wpcf7-text form-control\" aria-invalid=\"false\" placeholder=\"\" value=\"\" type=\"text\" name=\"your-company\" \/><\/span>\n    <\/div>\n<div class=\"col-sm-6\">\n        <label> Reg.nr:<\/label>\n        <span class=\"wpcf7-form-control-wrap\" data-name=\"reg-nr\"><input size=\"40\" maxlength=\"400\" class=\"wpcf7-form-control wpcf7-text form-control\" aria-invalid=\"false\" placeholder=\"\" value=\"\" type=\"text\" name=\"reg-nr\" \/><\/span>\n    <\/div>\n    <div class=\"col-sm-6\">\n        <label> E-post:<\/label>\n        <span class=\"wpcf7-form-control-wrap\" data-name=\"your-email\"><input size=\"40\" maxlength=\"400\" class=\"wpcf7-form-control wpcf7-email wpcf7-validates-as-required wpcf7-text wpcf7-validates-as-email form-control\" aria-required=\"true\" aria-invalid=\"false\" placeholder=\"\" value=\"\" type=\"email\" name=\"your-email\" \/><\/span>\n    <\/div>\n    <div class=\"col-sm-6\">\n        <label> Telefon:<\/label>\n        <span class=\"wpcf7-form-control-wrap\" data-name=\"your-phone\"><input size=\"40\" maxlength=\"400\" class=\"wpcf7-form-control wpcf7-text wpcf7-validates-as-required form-control\" aria-required=\"true\" aria-invalid=\"false\" placeholder=\"\" value=\"\" type=\"text\" name=\"your-phone\" \/><\/span>\n    <\/div>\n    <div style=\"display:none;\" class=\"col-sm-12\">\n        <div class=\"get-quote__progress\">\n            <div class=\"get-quote__progress-single\">\n                <label class=\"get-quote__progress-title\">Distance (Miles):\n                <\/label>\n                <div class=\"get-quote__progress-range\">\n                    <input type=\"text\" class=\"balance-range-slider\"\n                        data-hide-min-max=\"true\" data-step=\"100\"\n                        data-from=\"70000\" data-min=\"0\" data-max=\"90000\"\n                        value=\"\" \/>\n                    <div class=\"get-quote__balance-box\">\n                        <p class=\"get-quote__balance\"><span><\/span><\/p>\n                    <\/div>\n                    <input type=\"hidden\"\n                        class=\"get-quote__balance__input\">\n                <\/div><!-- \/.get-quote__progress-range -->\n            <\/div>\n        <\/div>\n    <\/div>\n    <div class=\"col-sm-6\">\n        <label> Allalaadimise aadress: <\/label>\n        <span class=\"wpcf7-form-control-wrap\" data-name=\"load-address\"><input size=\"40\" maxlength=\"400\" class=\"wpcf7-form-control wpcf7-text wpcf7-validates-as-required form-control\" aria-required=\"true\" aria-invalid=\"false\" placeholder=\"\" value=\"\" type=\"text\" name=\"load-address\" \/><\/span>\n    <\/div>\n    <div class=\"col-sm-6\">\n        <label> Mahalaadimise aadress: <\/label>\n        <span class=\"wpcf7-form-control-wrap\" data-name=\"bet-address\"><input size=\"40\" maxlength=\"400\" class=\"wpcf7-form-control wpcf7-text wpcf7-validates-as-required form-control\" aria-required=\"true\" aria-invalid=\"false\" placeholder=\"\" value=\"\" type=\"text\" name=\"bet-address\" \/><\/span>\n    <\/div>\n<div class=\"col-sm-6\">\n        <label> P\u00f5rand: <\/label>\n        <span class=\"wpcf7-form-control-wrap\" data-name=\"floor\"><input size=\"40\" maxlength=\"400\" class=\"wpcf7-form-control wpcf7-text wpcf7-validates-as-required form-control\" aria-required=\"true\" aria-invalid=\"false\" placeholder=\"\" value=\"\" type=\"text\" name=\"floor\" \/><\/span>\n    <\/div>\n    <div class=\"col-sm-6\">\n        <label> Kohaletoomiskuup\u00e4ev: <\/label>\n        <span class=\"wpcf7-form-control-wrap\" data-name=\"date-24\"><input class=\"wpcf7-form-control wpcf7-date wpcf7-validates-as-date form-control\" aria-invalid=\"false\" value=\"\" type=\"date\" name=\"date-24\" \/><\/span>\n    <\/div>\n<div class=\"col-sm-6\">\n        <label> Foto v\u00f5i fail: <\/label>\n       <span class=\"wpcf7-form-control-wrap\" data-name=\"file-12\"><input size=\"40\" class=\"wpcf7-form-control wpcf7-file form-control\" accept=\"audio\/*,video\/*,image\/*\" aria-invalid=\"false\" type=\"file\" name=\"file-12\" \/><\/span>\n    <\/div>\n<div class=\"col-sm-6\">\n        <label> Foto v\u00f5i fail: <\/label>\n\n<span class=\"wpcf7-form-control-wrap\" data-name=\"file-123\"><input size=\"40\" class=\"wpcf7-form-control wpcf7-file form-control\" accept=\"audio\/*,video\/*,image\/*\" aria-invalid=\"false\" type=\"file\" name=\"file-123\" \/><\/span>    <\/div>\n<div class=\"col-sm-12\">\n        <label> Lisainfo: <\/label>\n        <span class=\"wpcf7-form-control-wrap\" data-name=\"info\"><input size=\"40\" maxlength=\"400\" class=\"wpcf7-form-control wpcf7-text form-control\" aria-invalid=\"false\" value=\"\" type=\"text\" name=\"info\" \/><\/span> \n    <\/div>\n\n    <div class=\"col-sm-12\">\n        <input class=\"wpcf7-form-control wpcf7-submit has-spinner btn btn-theme-colored1\" type=\"submit\" value=\"Saada\" \/>\n    <\/div>\n  <\/div>\n<\/div><div class=\"wpcf7-response-output\" aria-hidden=\"true\"><\/div>\n<\/form>\n<\/div>\n<\/div>\r\n\t\t\t<\/div>\t\t\t\t<\/div>\n\t\t\t\t<\/div>\n\t\t\t\t\t<\/div>\n\t\t<\/div>\n\t\t\t\t\t<\/div>\n\t\t<\/section>\n\t\t\t\t<\/div>\n\t\t","protected":false},"excerpt":{"rendered":"<p>Hinnap\u00e4ring Hankige kaubalogistika jaoks soodsad kaubandustingimused Ohutus ja usaldusv\u00e4\u00e4rne Veose terviklikkuse tagamine on \u00fcks prioriteete Kiirus Meie ettev\u00f5te on kaubaveo&#8230;<\/p>\n","protected":false},"author":2,"featured_media":0,"parent":0,"menu_order":0,"comment_status":"closed","ping_status":"closed","template":"","meta":{"footnotes":""},"class_list":["post-24855","page","type-page","status-publish","hentry"],"_links":{"self":[{"href":"https:\/\/cityexpress.ee\/et\/wp-json\/wp\/v2\/pages\/24855","targetHints":{"allow":["GET"]}}],"collection":[{"href":"https:\/\/cityexpress.ee\/et\/wp-json\/wp\/v2\/pages"}],"about":[{"href":"https:\/\/cityexpress.ee\/et\/wp-json\/wp\/v2\/types\/page"}],"author":[{"embeddable":true,"href":"https:\/\/cityexpress.ee\/et\/wp-json\/wp\/v2\/users\/2"}],"replies":[{"embeddable":true,"href":"https:\/\/cityexpress.ee\/et\/wp-json\/wp\/v2\/comments?post=24855"}],"version-history":[{"count":5,"href":"https:\/\/cityexpress.ee\/et\/wp-json\/wp\/v2\/pages\/24855\/revisions"}],"predecessor-version":[{"id":24864,"href":"https:\/\/cityexpress.ee\/et\/wp-json\/wp\/v2\/pages\/24855\/revisions\/24864"}],"wp:attachment":[{"href":"https:\/\/cityexpress.ee\/et\/wp-json\/wp\/v2\/media?parent=24855"}],"curies":[{"name":"wp","href":"https:\/\/api.w.org\/{rel}","templated":true}]}}