{"id":25676,"date":"2024-10-01T09:19:54","date_gmt":"2024-10-01T09:19:54","guid":{"rendered":"https:\/\/cityexpress.ee\/?page_id=25676"},"modified":"2024-10-01T09:58:57","modified_gmt":"2024-10-01T09:58:57","slug":"privaatsuspoliitika","status":"publish","type":"page","link":"https:\/\/cityexpress.ee\/et\/privaatsuspoliitika\/","title":{"rendered":"Privaatsuspoliitika"},"content":{"rendered":"\t\t<div data-elementor-type=\"wp-page\" data-elementor-id=\"25676\" class=\"elementor elementor-25676 elementor-25674\">\n\t\t\t\t\t\t<section class=\"elementor-section elementor-top-section elementor-element elementor-element-5756812 elementor-section-stretched elementor-section-boxed elementor-section-height-default elementor-section-height-default tm-col-stretched-none tm-bg-color-over-image\" data-id=\"5756812\" data-element_type=\"section\" data-e-type=\"section\" data-settings=\"{&quot;stretch_section&quot;:&quot;section-stretched&quot;,&quot;background_background&quot;:&quot;classic&quot;}\">\n\t\t\t\t\t\t<div class=\"elementor-container elementor-column-gap-extended\">\n\t\t\t\t\t<div class=\"elementor-column elementor-col-100 elementor-top-column elementor-element elementor-element-796488e tm-bg-color-over-image\" data-id=\"796488e\" data-element_type=\"column\" data-e-type=\"column\">\n\t\t\t<div class=\"elementor-widget-wrap elementor-element-populated\">\n\t\t\t\t\t\t<div class=\"elementor-element elementor-element-a406a65 elementor-widget elementor-widget-tm-ele-section-title\" data-id=\"a406a65\" data-element_type=\"widget\" data-e-type=\"widget\" data-widget_type=\"tm-ele-section-title.default\">\n\t\t\t\t<div class=\"elementor-widget-container\">\n\t\t\t\t\t<div class=\"tm-sc-section-title section-title line-right-current-theme \">\r\n\t<div class=\"title-wrapper\">\r\n\t\t\t\t\t\t\t<h2 class=\"title \">\r\n\r\n\t\t\r\n\t\t\t\t<span class=\"title-part1 \">Isikuandmete kaitse<\/span>\r\n\t\t\t\t\r\n\t\t\r\n\t<\/h2>\r\n\t<div class=\"title-seperator-line\"><\/div>\t\t\t\t\t\t<\/div>\r\n<\/div>\t\t\t\t<\/div>\n\t\t\t\t<\/div>\n\t\t\t\t<div class=\"elementor-element elementor-element-e323b70 elementor-widget elementor-widget-tm-ele-text-editor\" data-id=\"e323b70\" data-element_type=\"widget\" data-e-type=\"widget\" data-widget_type=\"tm-ele-text-editor.default\">\n\t\t\t\t<div class=\"elementor-widget-container\">\n\t\t\t\t\t\t\t<div class=\"tm-text-editor\">\r\n\t\t<p>1. Registreerumisel veebilehel https:\/\/cityexpress.ee salvestatakse kliendi isikuandmed (ees- ja perekonnanimi, aadress, e-posti aadress, kontakttelefon) ning kogu teave tehtud toimingute kohta. K\u00f5iki kliendi tellimuse vormistamise k\u00e4igus saadud andmeid k\u00e4sitleb https:\/\/cityexpress.ee kui kliendi isikuandmeid ning neid t\u00f6\u00f6deldakse konfidentsiaalse teabena vastavalt Isikuandmete Kaitse Seadusele, et paremini planeerida oste ja anal\u00fc\u00fcsida tarbimisharjumusi. https:\/\/cityexpress.ee ei edasta saadud andmeid kolmandatele isikutele, v\u00e4lja arvatud teenuse korraldamiseks vajalik minimaalne teave.<\/p><p>2. Kr\u00fcpteeritud andmeedastuskanali kasutamine https:\/\/cityexpress.ee ja pankade vahel tagab, et keegi k\u00f5rvaline, sealhulgas https:\/\/cityexpress.ee , ei p\u00e4\u00e4se kliendi isiklikele pangarekvisiitidele ligi.<\/p><p>3. Kliendil on \u00f5igus vaadata andmeid, mis on https:\/\/cityexpress.ee k\u00e4sutuses, ning keelata nende edasine t\u00f6\u00f6tlemine.<\/p>\t\t<\/div>\r\n\t\t\t\t\t<\/div>\n\t\t\t\t<\/div>\n\t\t\t\t\t<\/div>\n\t\t<\/div>\n\t\t\t\t\t<\/div>\n\t\t<\/section>\n\t\t\t\t<\/div>\n\t\t","protected":false},"excerpt":{"rendered":"<p>Isikuandmete kaitse 1. Registreerumisel veebilehel https:\/\/cityexpress.ee salvestatakse kliendi isikuandmed (ees- ja perekonnanimi, aadress, e-posti aadress, kontakttelefon) ning kogu teave tehtud&#8230;<\/p>\n","protected":false},"author":2,"featured_media":0,"parent":0,"menu_order":0,"comment_status":"closed","ping_status":"closed","template":"","meta":{"footnotes":""},"class_list":["post-25676","page","type-page","status-publish","hentry"],"_links":{"self":[{"href":"https:\/\/cityexpress.ee\/et\/wp-json\/wp\/v2\/pages\/25676","targetHints":{"allow":["GET"]}}],"collection":[{"href":"https:\/\/cityexpress.ee\/et\/wp-json\/wp\/v2\/pages"}],"about":[{"href":"https:\/\/cityexpress.ee\/et\/wp-json\/wp\/v2\/types\/page"}],"author":[{"embeddable":true,"href":"https:\/\/cityexpress.ee\/et\/wp-json\/wp\/v2\/users\/2"}],"replies":[{"embeddable":true,"href":"https:\/\/cityexpress.ee\/et\/wp-json\/wp\/v2\/comments?post=25676"}],"version-history":[{"count":7,"href":"https:\/\/cityexpress.ee\/et\/wp-json\/wp\/v2\/pages\/25676\/revisions"}],"predecessor-version":[{"id":25700,"href":"https:\/\/cityexpress.ee\/et\/wp-json\/wp\/v2\/pages\/25676\/revisions\/25700"}],"wp:attachment":[{"href":"https:\/\/cityexpress.ee\/et\/wp-json\/wp\/v2\/media?parent=25676"}],"curies":[{"name":"wp","href":"https:\/\/api.w.org\/{rel}","templated":true}]}}