{"id":25419,"date":"2021-04-19T07:13:35","date_gmt":"2021-04-19T07:13:35","guid":{"rendered":"https:\/\/cityexpress.ee\/?page_id=25419"},"modified":"2024-02-08T00:46:34","modified_gmt":"2024-02-08T00:46:34","slug":"kysymykset","status":"publish","type":"page","link":"https:\/\/cityexpress.ee\/fi\/kysymykset\/","title":{"rendered":"Kysymykset"},"content":{"rendered":"\t\t<div data-elementor-type=\"wp-page\" data-elementor-id=\"25419\" class=\"elementor elementor-25419 elementor-214\">\n\t\t\t\t\t\t<section class=\"elementor-section elementor-top-section elementor-element elementor-element-fb849e3 elementor-section-stretched elementor-section-boxed elementor-section-height-default elementor-section-height-default tm-col-stretched-none tm-bg-color-over-image\" data-id=\"fb849e3\" data-element_type=\"section\" data-e-type=\"section\" data-settings=\"{&quot;stretch_section&quot;:&quot;section-stretched&quot;}\">\n\t\t\t\t\t\t<div class=\"elementor-container elementor-column-gap-extended\">\n\t\t\t\t\t<div class=\"elementor-column elementor-col-100 elementor-top-column elementor-element elementor-element-f230d00 tm-bg-color-over-image\" data-id=\"f230d00\" data-element_type=\"column\" data-e-type=\"column\">\n\t\t\t<div class=\"elementor-widget-wrap elementor-element-populated\">\n\t\t\t\t\t\t<section class=\"elementor-section elementor-inner-section elementor-element elementor-element-b56b317 elementor-section-boxed elementor-section-height-default elementor-section-height-default tm-col-stretched-none tm-bg-color-over-image\" data-id=\"b56b317\" data-element_type=\"section\" data-e-type=\"section\">\n\t\t\t\t\t\t<div class=\"elementor-container elementor-column-gap-extended\">\n\t\t\t\t\t<div class=\"elementor-column elementor-col-33 elementor-inner-column elementor-element elementor-element-e165734 tm-bg-color-over-image\" data-id=\"e165734\" data-element_type=\"column\" data-e-type=\"column\">\n\t\t\t<div class=\"elementor-widget-wrap elementor-element-populated\">\n\t\t\t\t\t\t<div class=\"elementor-element elementor-element-3bf40ed elementor-widget elementor-widget-tm-ele-accordion\" data-id=\"3bf40ed\" data-element_type=\"widget\" data-e-type=\"widget\" data-widget_type=\"tm-ele-accordion.default\">\n\t\t\t\t<div class=\"elementor-widget-container\">\n\t\t\t\t\t\t\t<div id=\"accordion-holder-438697\" class=\"tm-accordion accordion\">\r\n\t\r\n  <div class=\"card active\">\r\n    <div class=\"card-header p-0\" id=\"heading801\">\r\n      <h5 class=\"title \" data-bs-toggle=\"collapse\" data-bs-target=\"#collapse801\" aria-expanded=\"true\" aria-controls=\"collapse801\">\r\n        <span class=\"text\">Kuinka voin v\u00e4ltt\u00e4\u00e4 tavaroiden rikkoutumista kuljetuksen aikana?<\/span>\r\n        <span class=\"accordion-controls-icon\"><i class=\"fas fa-chevron-down\"><\/i><\/span>\r\n      <\/h5>\r\n    <\/div>\r\n    <div id=\"collapse801\" class=\"collapse show\" aria-labelledby=\"heading801\" data-bs-parent=\"#accordion-holder-438697\">\r\n      <div class=\"card-body\">\r\n        <div class=\"page\" title=\"Page 2\"><div class=\"section\"><div class=\"layoutArea\"><div class=\"column\"><div class=\"page\" title=\"Page 2\"><div class=\"section\"><div class=\"layoutArea\"><div class=\"column\"><p>Autamme sinua pakkaamaan lastin laadukkaasti.<\/p><\/div><\/div><\/div><\/div><\/div><\/div><\/div><\/div>      <\/div>\r\n    <\/div>\r\n  <\/div>\r\n\r\n  <div class=\"card \">\r\n    <div class=\"card-header p-0\" id=\"heading802\">\r\n      <h5 class=\"title collapsed\" data-bs-toggle=\"collapse\" data-bs-target=\"#collapse802\" aria-expanded=\"false\" aria-controls=\"collapse802\">\r\n        <span class=\"text\">Miten voin tehd\u00e4 tilaus? <\/span>\r\n        <span class=\"accordion-controls-icon\"><i class=\"fas fa-chevron-down\"><\/i><\/span>\r\n      <\/h5>\r\n    <\/div>\r\n    <div id=\"collapse802\" class=\"collapse \" aria-labelledby=\"heading802\" data-bs-parent=\"#accordion-holder-438697\">\r\n      <div class=\"card-body\">\r\n        <div class=\"page\" title=\"Page 2\"><div class=\"section\"><div class=\"layoutArea\"><div class=\"column\"><p>Voit tehd\u00e4 tilauksen nettisivujen kautta, kirjoittaa meid\u00e4n s\u00e4hk\u00f6postiin tai soittaa numeroon +372 5660 3814.<\/p><\/div><\/div><\/div><\/div>      <\/div>\r\n    <\/div>\r\n  <\/div>\r\n\r\n  <div class=\"card \">\r\n    <div class=\"card-header p-0\" id=\"heading803\">\r\n      <h5 class=\"title collapsed\" data-bs-toggle=\"collapse\" data-bs-target=\"#collapse803\" aria-expanded=\"false\" aria-controls=\"collapse803\">\r\n        <span class=\"text\">Plajonko tilaus maksaa? <\/span>\r\n        <span class=\"accordion-controls-icon\"><i class=\"fas fa-chevron-down\"><\/i><\/span>\r\n      <\/h5>\r\n    <\/div>\r\n    <div id=\"collapse803\" class=\"collapse \" aria-labelledby=\"heading803\" data-bs-parent=\"#accordion-holder-438697\">\r\n      <div class=\"card-body\">\r\n        <div class=\"page\" title=\"Page 2\"><div class=\"section\"><div class=\"layoutArea\"><div class=\"column\"><p>Maksu tapahtuu pankin kautta tai t\u00e4teisell\u00e4 palvelua tarjottaessa.<\/p><\/div><\/div><\/div><\/div>      <\/div>\r\n    <\/div>\r\n  <\/div>\r\n\t\t<\/div>\r\n\t\t\t\t\t<\/div>\n\t\t\t\t<\/div>\n\t\t\t\t\t<\/div>\n\t\t<\/div>\n\t\t\t\t<div class=\"elementor-column elementor-col-33 elementor-inner-column elementor-element elementor-element-542b731 tm-bg-color-over-image\" data-id=\"542b731\" data-element_type=\"column\" data-e-type=\"column\">\n\t\t\t<div class=\"elementor-widget-wrap\">\n\t\t\t\t\t\t\t<\/div>\n\t\t<\/div>\n\t\t\t\t<div class=\"elementor-column elementor-col-33 elementor-inner-column elementor-element elementor-element-c90faf4 tm-bg-color-over-image\" data-id=\"c90faf4\" data-element_type=\"column\" data-e-type=\"column\">\n\t\t\t<div class=\"elementor-widget-wrap elementor-element-populated\">\n\t\t\t\t\t\t<div class=\"elementor-element elementor-element-082aa48 elementor-widget elementor-widget-tm-ele-accordion\" data-id=\"082aa48\" data-element_type=\"widget\" data-e-type=\"widget\" data-widget_type=\"tm-ele-accordion.default\">\n\t\t\t\t<div class=\"elementor-widget-container\">\n\t\t\t\t\t\t\t<div id=\"accordion-holder-654203\" class=\"tm-accordion accordion\">\r\n\t\r\n  <div class=\"card \">\r\n    <div class=\"card-header p-0\" id=\"heading581\">\r\n      <h5 class=\"title collapsed\" data-bs-toggle=\"collapse\" data-bs-target=\"#collapse581\" aria-expanded=\"false\" aria-controls=\"collapse581\">\r\n        <span class=\"text\">Miten voin saada lasku maksua varten? <\/span>\r\n        <span class=\"accordion-controls-icon\"><i class=\"fas fa-chevron-down\"><\/i><\/span>\r\n      <\/h5>\r\n    <\/div>\r\n    <div id=\"collapse581\" class=\"collapse \" aria-labelledby=\"heading581\" data-bs-parent=\"#accordion-holder-654203\">\r\n      <div class=\"card-body\">\r\n        <div class=\"page\" title=\"Page 2\"><div class=\"section\"><div class=\"layoutArea\"><div class=\"column\"><p>Ilmoita tilausta tehdess\u00e4si s\u00e4hk\u00f6postiosoite, johon haluat laskun. Yrityshenkil\u00f6iden tulee ilmoittaa yrityksen tiedot.<\/p><\/div><\/div><\/div><\/div>      <\/div>\r\n    <\/div>\r\n  <\/div>\r\n\r\n  <div class=\"card \">\r\n    <div class=\"card-header p-0\" id=\"heading582\">\r\n      <h5 class=\"title collapsed\" data-bs-toggle=\"collapse\" data-bs-target=\"#collapse582\" aria-expanded=\"false\" aria-controls=\"collapse582\">\r\n        <span class=\"text\">Kauanko kest\u00e4\u00e4, ett\u00e4 tavarat toimitetaan? <\/span>\r\n        <span class=\"accordion-controls-icon\"><i class=\"fas fa-chevron-down\"><\/i><\/span>\r\n      <\/h5>\r\n    <\/div>\r\n    <div id=\"collapse582\" class=\"collapse \" aria-labelledby=\"heading582\" data-bs-parent=\"#accordion-holder-654203\">\r\n      <div class=\"card-body\">\r\n        <div class=\"page\" title=\"Page 2\"><div class=\"section\"><div class=\"layoutArea\"><div class=\"column\"><p>Ilmoita tilausta tehdess\u00e4si haluamasi toimitusaika. Tarkemmat tiedot ja toimitusaika sovitaan sopimuksen mukaan.<\/p><\/div><\/div><\/div><\/div>      <\/div>\r\n    <\/div>\r\n  <\/div>\r\n\r\n  <div class=\"card \">\r\n    <div class=\"card-header p-0\" id=\"heading583\">\r\n      <h5 class=\"title collapsed\" data-bs-toggle=\"collapse\" data-bs-target=\"#collapse583\" aria-expanded=\"false\" aria-controls=\"collapse583\">\r\n        <span class=\"text\">Mit\u00e4 ajoneuvoja on saatavilla rahdin kuljettamiseen?<\/span>\r\n        <span class=\"accordion-controls-icon\"><i class=\"fas fa-chevron-down\"><\/i><\/span>\r\n      <\/h5>\r\n    <\/div>\r\n    <div id=\"collapse583\" class=\"collapse \" aria-labelledby=\"heading583\" data-bs-parent=\"#accordion-holder-654203\">\r\n      <div class=\"card-body\">\r\n        <div class=\"page\" title=\"Page 3\"><div class=\"section\"><div class=\"layoutArea\"><div class=\"column\"><p>Valikoimastamme l\u00f6ytyy rahtiminibusseja sek\u00e4 hissill\u00e4 varustettuja pakettiautoja, joissa on enint\u00e4\u00e4n 8 lavallista istuinta<\/p><\/div><\/div><\/div><\/div>      <\/div>\r\n    <\/div>\r\n  <\/div>\r\n\t\t<\/div>\r\n\t\t\t\t\t<\/div>\n\t\t\t\t<\/div>\n\t\t\t\t\t<\/div>\n\t\t<\/div>\n\t\t\t\t\t<\/div>\n\t\t<\/section>\n\t\t\t\t\t<\/div>\n\t\t<\/div>\n\t\t\t\t\t<\/div>\n\t\t<\/section>\n\t\t\t\t<\/div>\n\t\t","protected":false},"excerpt":{"rendered":"<p>Kuinka voin v\u00e4ltt\u00e4\u00e4 tavaroiden rikkoutumista kuljetuksen aikana? Autamme sinua pakkaamaan lastin laadukkaasti. Miten voin tehd\u00e4 tilaus? Voit tehd\u00e4 tilauksen nettisivujen&#8230;<\/p>\n","protected":false},"author":2,"featured_media":0,"parent":0,"menu_order":0,"comment_status":"closed","ping_status":"closed","template":"","meta":{"footnotes":""},"class_list":["post-25419","page","type-page","status-publish","hentry"],"_links":{"self":[{"href":"https:\/\/cityexpress.ee\/fi\/wp-json\/wp\/v2\/pages\/25419","targetHints":{"allow":["GET"]}}],"collection":[{"href":"https:\/\/cityexpress.ee\/fi\/wp-json\/wp\/v2\/pages"}],"about":[{"href":"https:\/\/cityexpress.ee\/fi\/wp-json\/wp\/v2\/types\/page"}],"author":[{"embeddable":true,"href":"https:\/\/cityexpress.ee\/fi\/wp-json\/wp\/v2\/users\/2"}],"replies":[{"embeddable":true,"href":"https:\/\/cityexpress.ee\/fi\/wp-json\/wp\/v2\/comments?post=25419"}],"version-history":[{"count":7,"href":"https:\/\/cityexpress.ee\/fi\/wp-json\/wp\/v2\/pages\/25419\/revisions"}],"predecessor-version":[{"id":25427,"href":"https:\/\/cityexpress.ee\/fi\/wp-json\/wp\/v2\/pages\/25419\/revisions\/25427"}],"wp:attachment":[{"href":"https:\/\/cityexpress.ee\/fi\/wp-json\/wp\/v2\/media?parent=25419"}],"curies":[{"name":"wp","href":"https:\/\/api.w.org\/{rel}","templated":true}]}}