{"id":25428,"date":"2021-04-19T07:11:23","date_gmt":"2021-04-19T07:11:23","guid":{"rendered":"https:\/\/cityexpress.ee\/?page_id=25428"},"modified":"2024-02-08T01:04:26","modified_gmt":"2024-02-08T01:04:26","slug":"meista","status":"publish","type":"page","link":"https:\/\/cityexpress.ee\/fi\/meista\/","title":{"rendered":"Meist\u00e4"},"content":{"rendered":"\t\t<div data-elementor-type=\"wp-page\" data-elementor-id=\"25428\" class=\"elementor elementor-25428 elementor-208\">\n\t\t\t\t\t\t<section class=\"elementor-section elementor-top-section elementor-element elementor-element-5756812 elementor-section-stretched elementor-section-boxed elementor-section-height-default elementor-section-height-default tm-col-stretched-none tm-bg-color-over-image\" data-id=\"5756812\" data-element_type=\"section\" data-e-type=\"section\" data-settings=\"{&quot;stretch_section&quot;:&quot;section-stretched&quot;,&quot;background_background&quot;:&quot;classic&quot;}\">\n\t\t\t\t\t\t<div class=\"elementor-container elementor-column-gap-extended\">\n\t\t\t\t\t<div class=\"elementor-column elementor-col-33 elementor-top-column elementor-element elementor-element-a4f039c tm-bg-color-over-image\" data-id=\"a4f039c\" data-element_type=\"column\" data-e-type=\"column\" data-settings=\"{&quot;background_background&quot;:&quot;classic&quot;}\">\n\t\t\t<div class=\"elementor-widget-wrap elementor-element-populated\">\n\t\t\t\t\t\t<div class=\"elementor-element elementor-element-fd89f61 elementor-widget elementor-widget-tm-ele-animated-layers\" data-id=\"fd89f61\" data-element_type=\"widget\" data-e-type=\"widget\" data-widget_type=\"tm-ele-animated-layers.default\">\n\t\t\t\t<div class=\"elementor-widget-container\">\n\t\t\t\t\t\t\t<div class=\"tm-sc-animated-layer-advanced \">\r\n\t\t\t<div class=\"animated-layer-advanced-inner clearfix\">\r\n\t\r\n<div class=\"layer-image-wrapper layer-image  layer-image-fullwidth elementor-repeater-item-28c9259\" style=\"\">\r\n\t<div class=\"layer-inner layer-image  \">\r\n\t\t<div class=\"layer-image-inner-wrapper image-hover-effect-shine\">\r\n\t\t\t<img fetchpriority=\"high\" decoding=\"async\" class=\"\" src=\"https:\/\/cityexpress.ee\/wp-content\/uploads\/2022\/12\/about-333.jpg\" width=\"700\" height=\"837\" alt=\"Image\">\r\n\t\t<\/div>\r\n\t<\/div>\r\n<\/div>\r\n<div class=\"layer-image-wrapper  layer-blank  elementor-repeater-item-5c873bc\" style=\"\">\r\n\t<div class=\"layer-inner\">\r\n\t<\/div>\r\n<\/div>\r\n<div class=\"layer-image-wrapper  layer-text  elementor-repeater-item-f4278e3\" style=\"\">\r\n\t<div class=\"layer-inner\">\r\n\t\t<img decoding=\"async\" src=\"https:\/\/cityexpress.ee\/wp-content\/uploads\/2022\/12\/logo-white.svg\" alt=\"\" width=\"67\" height=\"31\" class=\"size-full wp-image-14970 aligncenter\" \/>\t<\/div>\r\n<\/div>\r\n\t\t\t<\/div>\r\n\t\t\t<div class=\"clearfix\"><\/div>\r\n\t\t<\/div>\r\n\t\t\t\t\t<\/div>\n\t\t\t\t<\/div>\n\t\t\t\t\t<\/div>\n\t\t<\/div>\n\t\t\t\t<div class=\"elementor-column elementor-col-33 elementor-top-column elementor-element elementor-element-f266695 tm-bg-color-over-image\" data-id=\"f266695\" data-element_type=\"column\" data-e-type=\"column\">\n\t\t\t<div class=\"elementor-widget-wrap\">\n\t\t\t\t\t\t\t<\/div>\n\t\t<\/div>\n\t\t\t\t<div class=\"elementor-column elementor-col-33 elementor-top-column elementor-element elementor-element-796488e tm-bg-color-over-image\" data-id=\"796488e\" data-element_type=\"column\" data-e-type=\"column\">\n\t\t\t<div class=\"elementor-widget-wrap elementor-element-populated\">\n\t\t\t\t\t\t<div class=\"elementor-element elementor-element-a406a65 elementor-widget elementor-widget-tm-ele-section-title\" data-id=\"a406a65\" data-element_type=\"widget\" data-e-type=\"widget\" data-widget_type=\"tm-ele-section-title.default\">\n\t\t\t\t<div class=\"elementor-widget-container\">\n\t\t\t\t\t<div class=\"tm-sc-section-title section-title line-right-current-theme \">\r\n\t<div class=\"title-wrapper\">\r\n\t\t\t\t\t\t\t<h2 class=\"title \">\r\n\r\n\t\t\r\n\t\t\t\t<span class=\"title-part1 \">Tietoja CityExpressist\u00e4<\/span>\r\n\t\t\t\t\r\n\t\t\r\n\t<\/h2>\r\n\t<div class=\"title-seperator-line\"><\/div>\t\t\t\t\t\t<\/div>\r\n<\/div>\t\t\t\t<\/div>\n\t\t\t\t<\/div>\n\t\t\t\t<div class=\"elementor-element elementor-element-c1ea4c3 elementor-widget elementor-widget-tm-ele-text-editor\" data-id=\"c1ea4c3\" data-element_type=\"widget\" data-e-type=\"widget\" data-widget_type=\"tm-ele-text-editor.default\">\n\t\t\t\t<div class=\"elementor-widget-container\">\n\t\t\t\t\t\t\t<div class=\"tm-text-editor\">\r\n\t\t<h4>Yrityksell\u00e4mme on johtava asema rahtikuljetusten nopeuksissa<\/h4>\t\t<\/div>\r\n\t\t\t\t\t<\/div>\n\t\t\t\t<\/div>\n\t\t\t\t<div class=\"elementor-element elementor-element-e323b70 elementor-widget elementor-widget-tm-ele-text-editor\" data-id=\"e323b70\" data-element_type=\"widget\" data-e-type=\"widget\" data-widget_type=\"tm-ele-text-editor.default\">\n\t\t\t\t<div class=\"elementor-widget-container\">\n\t\t\t\t\t\t\t<div class=\"tm-text-editor\">\r\n\t\t<div class=\"page\" title=\"Page 1\"><div class=\"section\"><div class=\"layoutArea\"><div class=\"column\"><p>Emme ole vain yritys, joka toimittaa erilaisia \u200b\u200btavaroita paikasta A paikkaan B, vaan teemme t\u00e4m\u00e4n erityisell\u00e4 huolella ja kunnioituksella asiakasta kohtaan. Ennen erilaisten rahtien kuljettamista suunnittelemme, kehit\u00e4mme optimaalisen reitin ja valitsemme parhaan toimitustavan.<\/p><\/div><\/div><\/div><\/div>\t\t<\/div>\r\n\t\t\t\t\t<\/div>\n\t\t\t\t<\/div>\n\t\t\t\t<div class=\"elementor-element elementor-element-e7053ae elementor-widget elementor-widget-tm-ele-text-editor\" data-id=\"e7053ae\" data-element_type=\"widget\" data-e-type=\"widget\" data-widget_type=\"tm-ele-text-editor.default\">\n\t\t\t\t<div class=\"elementor-widget-container\">\n\t\t\t\t\t\t\t<div class=\"tm-text-editor\">\r\n\t\t<div class=\"page\" title=\"Page 1\"><div class=\"section\"><div class=\"layoutArea\"><div class=\"column\"><div class=\"page\" title=\"Page 1\"><div class=\"section\"><div class=\"layoutArea\"><div class=\"column\"><p>Tavoitteenamme on tarjota laadukkaita ja ammattitaitoisia palveluita. Pyrimme ymm\u00e4rt\u00e4m\u00e4\u00e4n asiakkaidemme toiveet ja tarpeet ja tarjoamaan heille joustavia, tehokkaita ja kilpailukykyisi\u00e4 ratkaisuja. Asiakastyytyv\u00e4isyyden varmistaminen on t\u00e4rkein kriteeri palvelujen laadun arvioinnissa.<\/p><\/div><\/div><\/div><\/div><\/div><\/div><\/div><\/div>\t\t<\/div>\r\n\t\t\t\t\t<\/div>\n\t\t\t\t<\/div>\n\t\t\t\t\t<\/div>\n\t\t<\/div>\n\t\t\t\t\t<\/div>\n\t\t<\/section>\n\t\t\t\t<section class=\"elementor-section elementor-top-section elementor-element elementor-element-a06e6ae elementor-section-stretched elementor-section-boxed elementor-section-height-default elementor-section-height-default tm-col-stretched-none tm-bg-color-over-image\" data-id=\"a06e6ae\" data-element_type=\"section\" data-e-type=\"section\" data-settings=\"{&quot;stretch_section&quot;:&quot;section-stretched&quot;}\">\n\t\t\t\t\t\t<div class=\"elementor-container elementor-column-gap-extended\">\n\t\t\t\t\t<div class=\"elementor-column elementor-col-100 elementor-top-column elementor-element elementor-element-18e921f tm-bg-color-over-image\" data-id=\"18e921f\" data-element_type=\"column\" data-e-type=\"column\">\n\t\t\t<div class=\"elementor-widget-wrap elementor-element-populated\">\n\t\t\t\t\t\t<section class=\"elementor-section elementor-inner-section elementor-element elementor-element-614381b elementor-section-content-middle elementor-section-boxed elementor-section-height-default elementor-section-height-default tm-col-stretched-none tm-bg-color-over-image\" data-id=\"614381b\" data-element_type=\"section\" data-e-type=\"section\" data-settings=\"{&quot;background_background&quot;:&quot;classic&quot;}\">\n\t\t\t\t\t\t<div class=\"elementor-container elementor-column-gap-extended\">\n\t\t\t\t\t<div class=\"elementor-column elementor-col-33 elementor-inner-column elementor-element elementor-element-ad86cba tm-bg-color-over-image\" data-id=\"ad86cba\" data-element_type=\"column\" data-e-type=\"column\">\n\t\t\t<div class=\"elementor-widget-wrap elementor-element-populated\">\n\t\t\t\t\t\t<div class=\"elementor-element elementor-element-fc6e606 elementor-widget elementor-widget-tm-ele-text-editor\" data-id=\"fc6e606\" data-element_type=\"widget\" data-e-type=\"widget\" data-widget_type=\"tm-ele-text-editor.default\">\n\t\t\t\t<div class=\"elementor-widget-container\">\n\t\t\t\t\t\t\t<div class=\"tm-text-editor\">\r\n\t\t<h3 class=\"icon-box-title \">Hanki ilmainen konsultaatio<\/h3>\t\t<\/div>\r\n\t\t\t\t\t<\/div>\n\t\t\t\t<\/div>\n\t\t\t\t\t<\/div>\n\t\t<\/div>\n\t\t\t\t<div class=\"elementor-column elementor-col-33 elementor-inner-column elementor-element elementor-element-118e148 tm-bg-color-over-image\" data-id=\"118e148\" data-element_type=\"column\" data-e-type=\"column\">\n\t\t\t<div class=\"elementor-widget-wrap elementor-element-populated\">\n\t\t\t\t\t\t<div class=\"elementor-element elementor-element-c8c39e4 elementor-widget elementor-widget-tm-ele-iconbox\" data-id=\"c8c39e4\" data-element_type=\"widget\" data-e-type=\"widget\" data-widget_type=\"tm-ele-iconbox.default\">\n\t\t\t\t<div class=\"elementor-widget-container\">\n\t\t\t\t\t<div class=\"tm-sc-icon-box icon-box icon-top tm-iconbox-icontype-font-icon icon-position-icon-top\" >\r\n\t\r\n  \t<div class=\"icon-box-wrapper\">\r\n\t\t\r\n\t\t<div class=\"icon-wrapper\">\r\n\t\t<div class=\"icon icon-type-font-icon icon-lg icon-gray icon-circled\">\r\n\t\t\t<i aria-hidden=\"true\" class=\" flaticon-logis-customer-service\"><\/i>\t\t<\/div>\r\n\r\n\t\t\t<\/div>\r\n\t\t\t<div class=\"icon-text\">\r\n\t\t\t\t\t\t\t\t\t\r\n\t\t\t\t\t\r\n\t\t\t\r\n\t\r\n\t\t\t\t\t<\/div>\r\n\t\t<div class=\"clearfix\"><\/div>\r\n\t<\/div>\r\n<\/div>\t\t\t\t<\/div>\n\t\t\t\t<\/div>\n\t\t\t\t\t<\/div>\n\t\t<\/div>\n\t\t\t\t<div class=\"elementor-column elementor-col-33 elementor-inner-column elementor-element elementor-element-356509d tm-bg-color-over-image\" data-id=\"356509d\" data-element_type=\"column\" data-e-type=\"column\">\n\t\t\t<div class=\"elementor-widget-wrap elementor-element-populated\">\n\t\t\t\t\t\t<div class=\"elementor-element elementor-element-ad8d28a elementor-widget elementor-widget-tm-ele-iconbox\" data-id=\"ad8d28a\" data-element_type=\"widget\" data-e-type=\"widget\" data-widget_type=\"tm-ele-iconbox.default\">\n\t\t\t\t<div class=\"elementor-widget-container\">\n\t\t\t\t\t<div class=\"tm-sc-icon-box icon-box icon-top tm-iconbox-icontype-no-icon icon-position-icon-top\" >\r\n\t\r\n  \t<div class=\"icon-box-wrapper\">\r\n\t\t\r\n\t\t\t<div class=\"icon-text\">\r\n\t\t\t\t\t\t<div class=\"content\"><p><span>Puhelu<\/span><\/p><\/div>\r\n\t\t\t\r\n\t\t\t\t<h3 class=\"icon-box-title \">\r\n\t\t\t\t\t\t<a \r\n\t\t\t\t\t\t\t\thref=\"tel:+372%2055599961\">\r\n\t\t\t\t+372 555 999 61\t\t\t<\/a>\r\n\t\t\t\t\t<\/h3>\r\n\t\t\t\t\t\r\n\t\t\t\r\n\t\r\n\t\t\t\t\t<\/div>\r\n\t\t<div class=\"clearfix\"><\/div>\r\n\t<\/div>\r\n<\/div>\t\t\t\t<\/div>\n\t\t\t\t<\/div>\n\t\t\t\t\t<\/div>\n\t\t<\/div>\n\t\t\t\t\t<\/div>\n\t\t<\/section>\n\t\t\t\t\t<\/div>\n\t\t<\/div>\n\t\t\t\t\t<\/div>\n\t\t<\/section>\n\t\t\t\t<section class=\"elementor-section elementor-top-section elementor-element elementor-element-1b8e121 elementor-section-full_width elementor-section-stretched elementor-section-height-default elementor-section-height-default tm-col-stretched-none tm-bg-color-over-image\" data-id=\"1b8e121\" data-element_type=\"section\" data-e-type=\"section\" data-settings=\"{&quot;stretch_section&quot;:&quot;section-stretched&quot;,&quot;background_background&quot;:&quot;classic&quot;}\">\n\t\t\t\t\t\t<div class=\"elementor-container elementor-column-gap-no\">\n\t\t\t\t\t<div class=\"elementor-column elementor-col-50 elementor-top-column elementor-element elementor-element-de737ff tm-bg-color-over-image\" data-id=\"de737ff\" data-element_type=\"column\" data-e-type=\"column\" data-settings=\"{&quot;background_background&quot;:&quot;classic&quot;}\">\n\t\t\t<div class=\"elementor-widget-wrap elementor-element-populated\">\n\t\t\t\t\t<div class=\"elementor-background-overlay\"><\/div>\n\t\t\t\t\t\t<div class=\"elementor-element elementor-element-21fd4fc elementor-hidden-desktop elementor-hidden-tablet elementor-hidden-mobile elementor-widget elementor-widget-tm-ele-video-popup\" data-id=\"21fd4fc\" data-element_type=\"widget\" data-e-type=\"widget\" data-widget_type=\"tm-ele-video-popup.css-button\">\n\t\t\t\t<div class=\"elementor-widget-container\">\n\t\t\t\t\t\r\n<div class=\"tm-sc-video-popup tm-sc-video-popup-css-button tm-sc-video-popup\">\r\n\t<div class=\"box-hover-effect play-video-button\">\r\n\t\t<div class=\"effect-wrapper d-flex align-items-center\">\r\n\t\t\t<div class=\"animated-css-play-button\"><div class=\"bg-block\"><\/div><span class=\"play-icon\"><i class=\"fa fa-play\"><\/i><\/span><\/div>\r\n\t\t\t<a class=\"hover-link\" data-lightbox=\"iframe\" href=\"https:\/\/www.youtube.com\/watch?v=K1QICrgxTjA\" title=\"\"><\/a>\r\n\t\t<\/div>\r\n\t<\/div>\r\n<\/div>\r\n\t\t\t\t<\/div>\n\t\t\t\t<\/div>\n\t\t\t\t\t<\/div>\n\t\t<\/div>\n\t\t\t\t<div class=\"elementor-column elementor-col-50 elementor-top-column elementor-element elementor-element-4772757 tm-bg-color-over-image\" data-id=\"4772757\" data-element_type=\"column\" data-e-type=\"column\" data-settings=\"{&quot;background_background&quot;:&quot;classic&quot;}\">\n\t\t\t<div class=\"elementor-widget-wrap elementor-element-populated\">\n\t\t\t\t\t\t<section class=\"elementor-section elementor-inner-section elementor-element elementor-element-06bc06c elementor-section-boxed elementor-section-height-default elementor-section-height-default tm-col-stretched-none tm-bg-color-over-image\" data-id=\"06bc06c\" data-element_type=\"section\" data-e-type=\"section\">\n\t\t\t\t\t\t<div class=\"elementor-container elementor-column-gap-default\">\n\t\t\t\t\t<div class=\"elementor-column elementor-col-100 elementor-inner-column elementor-element elementor-element-b1ccb3e tm-bg-color-over-image\" data-id=\"b1ccb3e\" data-element_type=\"column\" data-e-type=\"column\">\n\t\t\t<div class=\"elementor-widget-wrap elementor-element-populated\">\n\t\t\t\t\t\t<div class=\"elementor-element elementor-element-93dbba4 horizontal-line-align-left vertical-line-align-bottom elementor-widget elementor-widget-tm-ele-section-title\" data-id=\"93dbba4\" data-element_type=\"widget\" data-e-type=\"widget\" data-widget_type=\"tm-ele-section-title.default\">\n\t\t\t\t<div class=\"elementor-widget-container\">\n\t\t\t\t\t<div class=\"tm-sc-section-title section-title line-right-current-theme \">\r\n\t<div class=\"title-wrapper\">\r\n\t\t\t\t\t\t\t<h2 class=\"title \">\r\n\r\n\t\t\r\n\t\t\t\t<span class=\"title-part1 \">Ammattimaisuus<\/span>\r\n\t\t\t\t\r\n\t\t\r\n\t<\/h2>\r\n\t<div class=\"title-seperator-line\"><\/div>\t\t\t\t\t\t<\/div>\r\n<\/div>\t\t\t\t<\/div>\n\t\t\t\t<\/div>\n\t\t\t\t<div class=\"elementor-element elementor-element-25b83a0 elementor-widget elementor-widget-tm-ele-text-editor\" data-id=\"25b83a0\" data-element_type=\"widget\" data-e-type=\"widget\" data-widget_type=\"tm-ele-text-editor.default\">\n\t\t\t\t<div class=\"elementor-widget-container\">\n\t\t\t\t\t\t\t<div class=\"tm-text-editor\">\r\n\t\t<p>Ty\u00f6skentelemme jokaisen asiakkaan kanssa yksil\u00f6llisesti ja tarjoamme sopivat palvelut asiakkaan toiveiden ja tarpeiden mukaan. Ty\u00f6skentelemme sek\u00e4 yksityis- ett\u00e4 yritysasiakkaiden kanssa. Olemme suuren kuljetus- ja logistiikkayrityksen virallinen kumppani sek\u00e4 Virossa ett\u00e4 ulkomailla.<\/p>\t\t<\/div>\r\n\t\t\t\t\t<\/div>\n\t\t\t\t<\/div>\n\t\t\t\t<div class=\"elementor-element elementor-element-976e543 elementor-widget elementor-widget-tm-ele-text-editor\" data-id=\"976e543\" data-element_type=\"widget\" data-e-type=\"widget\" data-widget_type=\"tm-ele-text-editor.default\">\n\t\t\t\t<div class=\"elementor-widget-container\">\n\t\t\t\t\t\t\t<div class=\"tm-text-editor\">\r\n\t\t<p>Yrityksemme ty\u00f6llist\u00e4\u00e4 alansa aidosti ammattilaisia. Ihmiset, jotka auttavat sinua tavaroiden pakkaamisessa, purkamisessa ja lastaamisessa, kuljettavat lastin ehjin\u00e4 haluttuun paikkaan ja ottavat my\u00f6s muun ty\u00f6n, jotta sinun ei tarvitse huolehtia mist\u00e4\u00e4n.<\/p>\t\t<\/div>\r\n\t\t\t\t\t<\/div>\n\t\t\t\t<\/div>\n\t\t\t\t\t<\/div>\n\t\t<\/div>\n\t\t\t\t\t<\/div>\n\t\t<\/section>\n\t\t\t\t\t<\/div>\n\t\t<\/div>\n\t\t\t\t\t<\/div>\n\t\t<\/section>\n\t\t\t\t<\/div>\n\t\t","protected":false},"excerpt":{"rendered":"<p>Tietoja CityExpressist\u00e4 Yrityksell\u00e4mme on johtava asema rahtikuljetusten nopeuksissa Emme ole vain yritys, joka toimittaa erilaisia \u200b\u200btavaroita paikasta A paikkaan B,&#8230;<\/p>\n","protected":false},"author":2,"featured_media":0,"parent":0,"menu_order":0,"comment_status":"closed","ping_status":"closed","template":"","meta":{"footnotes":""},"class_list":["post-25428","page","type-page","status-publish","hentry"],"_links":{"self":[{"href":"https:\/\/cityexpress.ee\/fi\/wp-json\/wp\/v2\/pages\/25428","targetHints":{"allow":["GET"]}}],"collection":[{"href":"https:\/\/cityexpress.ee\/fi\/wp-json\/wp\/v2\/pages"}],"about":[{"href":"https:\/\/cityexpress.ee\/fi\/wp-json\/wp\/v2\/types\/page"}],"author":[{"embeddable":true,"href":"https:\/\/cityexpress.ee\/fi\/wp-json\/wp\/v2\/users\/2"}],"replies":[{"embeddable":true,"href":"https:\/\/cityexpress.ee\/fi\/wp-json\/wp\/v2\/comments?post=25428"}],"version-history":[{"count":4,"href":"https:\/\/cityexpress.ee\/fi\/wp-json\/wp\/v2\/pages\/25428\/revisions"}],"predecessor-version":[{"id":25432,"href":"https:\/\/cityexpress.ee\/fi\/wp-json\/wp\/v2\/pages\/25428\/revisions\/25432"}],"wp:attachment":[{"href":"https:\/\/cityexpress.ee\/fi\/wp-json\/wp\/v2\/media?parent=25428"}],"curies":[{"name":"wp","href":"https:\/\/api.w.org\/{rel}","templated":true}]}}