{"id":25677,"date":"2024-10-01T09:19:54","date_gmt":"2024-10-01T09:19:54","guid":{"rendered":"https:\/\/cityexpress.ee\/?page_id=25677"},"modified":"2024-10-01T10:07:10","modified_gmt":"2024-10-01T10:07:10","slug":"tietosuojakaytanto","status":"publish","type":"page","link":"https:\/\/cityexpress.ee\/fi\/tietosuojakaytanto\/","title":{"rendered":"Tietosuojak\u00e4yt\u00e4nt\u00f6"},"content":{"rendered":"\t\t<div data-elementor-type=\"wp-page\" data-elementor-id=\"25677\" class=\"elementor elementor-25677 elementor-25674\">\n\t\t\t\t\t\t<section class=\"elementor-section elementor-top-section elementor-element elementor-element-5756812 elementor-section-stretched elementor-section-boxed elementor-section-height-default elementor-section-height-default tm-col-stretched-none tm-bg-color-over-image\" data-id=\"5756812\" data-element_type=\"section\" data-e-type=\"section\" data-settings=\"{&quot;stretch_section&quot;:&quot;section-stretched&quot;,&quot;background_background&quot;:&quot;classic&quot;}\">\n\t\t\t\t\t\t<div class=\"elementor-container elementor-column-gap-extended\">\n\t\t\t\t\t<div class=\"elementor-column elementor-col-100 elementor-top-column elementor-element elementor-element-796488e tm-bg-color-over-image\" data-id=\"796488e\" data-element_type=\"column\" data-e-type=\"column\">\n\t\t\t<div class=\"elementor-widget-wrap elementor-element-populated\">\n\t\t\t\t\t\t<div class=\"elementor-element elementor-element-a406a65 elementor-widget elementor-widget-tm-ele-section-title\" data-id=\"a406a65\" data-element_type=\"widget\" data-e-type=\"widget\" data-widget_type=\"tm-ele-section-title.default\">\n\t\t\t\t<div class=\"elementor-widget-container\">\n\t\t\t\t\t<div class=\"tm-sc-section-title section-title line-right-current-theme \">\r\n\t<div class=\"title-wrapper\">\r\n\t\t\t\t\t\t\t<h2 class=\"title \">\r\n\r\n\t\t\r\n\t\t\t\t<span class=\"title-part1 \">Henkil\u00f6tietojen suojaus<\/span>\r\n\t\t\t\t\r\n\t\t\r\n\t<\/h2>\r\n\t<div class=\"title-seperator-line\"><\/div>\t\t\t\t\t\t<\/div>\r\n<\/div>\t\t\t\t<\/div>\n\t\t\t\t<\/div>\n\t\t\t\t<div class=\"elementor-element elementor-element-e323b70 elementor-widget elementor-widget-tm-ele-text-editor\" data-id=\"e323b70\" data-element_type=\"widget\" data-e-type=\"widget\" data-widget_type=\"tm-ele-text-editor.default\">\n\t\t\t\t<div class=\"elementor-widget-container\">\n\t\t\t\t\t\t\t<div class=\"tm-text-editor\">\r\n\t\t<p>1. Kun rekister\u00f6idyt sivustolle https:\/\/cityexpress.ee, asiakkaan henkil\u00f6tiedot (etu- ja sukunimi, fyysinen ja s\u00e4hk\u00f6postiosoite, yhteystiedot) sek\u00e4 kaikki tiedot suoritetuista toimista tallennetaan. Kaikkia asiakkaalta tilauksen yhteydess\u00e4 saatuja tietoja pidet\u00e4\u00e4n https:\/\/cityexpress.ee:n toimesta henkil\u00f6tietoina ja niit\u00e4 k\u00e4sitell\u00e4\u00e4n luottamuksellisina tietoina henkil\u00f6tietolain mukaisesti, jotta voidaan paremmin suunnitella hankintoja ja analysoida kulutustottumuksia. https:\/\/cityexpress.ee ei luovuta mit\u00e4\u00e4n ker\u00e4ttyj\u00e4 tietoja kolmansille osapuolille, paitsi palvelun j\u00e4rjest\u00e4miseen tarvittavia v\u00e4himm\u00e4istietoja.<\/p><p>2. Salatun tiedonsiirtokanavan k\u00e4ytt\u00f6 https:\/\/cityexpress.ee:n ja pankkien v\u00e4lill\u00e4 varmistaa, ett\u00e4 kukaan ulkopuolinen, mukaan lukien https:\/\/cityexpress.ee, ei saa p\u00e4\u00e4sy\u00e4 asiakkaan henkil\u00f6kohtaisiin pankkitietoihin.<br \/>3. Asiakkaalla on oikeus tarkastella tietoja, jotka ovat https:\/\/cityexpress.ee:n hallussa, sek\u00e4 kielt\u00e4\u00e4 niiden jatkok\u00e4sittely.<\/p>\t\t<\/div>\r\n\t\t\t\t\t<\/div>\n\t\t\t\t<\/div>\n\t\t\t\t\t<\/div>\n\t\t<\/div>\n\t\t\t\t\t<\/div>\n\t\t<\/section>\n\t\t\t\t<\/div>\n\t\t","protected":false},"excerpt":{"rendered":"<p>Henkil\u00f6tietojen suojaus 1. Kun rekister\u00f6idyt sivustolle https:\/\/cityexpress.ee, asiakkaan henkil\u00f6tiedot (etu- ja sukunimi, fyysinen ja s\u00e4hk\u00f6postiosoite, yhteystiedot) sek\u00e4 kaikki tiedot suoritetuista&#8230;<\/p>\n","protected":false},"author":2,"featured_media":0,"parent":0,"menu_order":0,"comment_status":"closed","ping_status":"closed","template":"","meta":{"footnotes":""},"class_list":["post-25677","page","type-page","status-publish","hentry"],"_links":{"self":[{"href":"https:\/\/cityexpress.ee\/fi\/wp-json\/wp\/v2\/pages\/25677","targetHints":{"allow":["GET"]}}],"collection":[{"href":"https:\/\/cityexpress.ee\/fi\/wp-json\/wp\/v2\/pages"}],"about":[{"href":"https:\/\/cityexpress.ee\/fi\/wp-json\/wp\/v2\/types\/page"}],"author":[{"embeddable":true,"href":"https:\/\/cityexpress.ee\/fi\/wp-json\/wp\/v2\/users\/2"}],"replies":[{"embeddable":true,"href":"https:\/\/cityexpress.ee\/fi\/wp-json\/wp\/v2\/comments?post=25677"}],"version-history":[{"count":4,"href":"https:\/\/cityexpress.ee\/fi\/wp-json\/wp\/v2\/pages\/25677\/revisions"}],"predecessor-version":[{"id":25709,"href":"https:\/\/cityexpress.ee\/fi\/wp-json\/wp\/v2\/pages\/25677\/revisions\/25709"}],"wp:attachment":[{"href":"https:\/\/cityexpress.ee\/fi\/wp-json\/wp\/v2\/media?parent=25677"}],"curies":[{"name":"wp","href":"https:\/\/api.w.org\/{rel}","templated":true}]}}